{"id":11502,"date":"2019-03-21T15:20:48","date_gmt":"2019-03-21T20:20:48","guid":{"rendered":"https:\/\/colprechi.edu.co\/web\/?page_id=11502"},"modified":"2022-04-01T09:08:12","modified_gmt":"2022-04-01T14:08:12","slug":"nuestro-colegio","status":"publish","type":"page","link":"https:\/\/colprechi.edu.co\/web\/nuestro-colegio\/","title":{"rendered":"Nuestro Colegio"},"content":{"rendered":"<div class=\"wpb-content-wrapper\"><p>[vc_row][vc_column]<div class=\"thim-widget-heading template-base\"><div class=\"sc_heading  text-center\"><h3 style=\"font-size:35px;font-weight:600;\" class=\"title\">Informaci\u00f3n <strong>Institucional<\/strong><\/h3><\/div><\/div>[\/vc_column][\/vc_row][vc_row css=\u00bb.vc_custom_1559531433775{margin-bottom: 15px !important;}\u00bb][vc_column width=\u00bb1\/2&#8243; css=\u00bb.vc_custom_1553219212365{margin-bottom: 30px !important;}\u00bb][vc_column_text]<\/p>\n<h3 class=\"thim-text-title\">Misi\u00f3n<\/h3>\n<p>La Instituci\u00f3n Educativa T\u00e9cnica Nuestra Se\u00f1ora de La Presentaci\u00f3n de Chin\u00e1cota, es un establecimiento de car\u00e1cter oficial que ofrece los niveles de Preescolar, B\u00e1sica y Media T\u00e9cnica en Artes y Oficios, orientada por una filosof\u00eda humano-cristiana y los principios pedag\u00f3gicos de Marie Poussepin con calidad e inclusi\u00f3n que conllevan a la formaci\u00f3n integral de competencias b\u00e1sicas, t\u00e9cnicas, laborales y ciudadanas de ni\u00f1os, ni\u00f1as, adolescentes y j\u00f3venes.[\/vc_column_text][\/vc_column][vc_column width=\u00bb1\/2&#8243; css=\u00bb.vc_custom_1553219224890{margin-bottom: 30px !important;}\u00bb][vc_column_text]<\/p>\n<h3 class=\"thim-text-title\">Visi\u00f3n<\/h3>\n<p>En el 2024 la Instituci\u00f3n Educativa T\u00e9cnica Nuestra Se\u00f1ora de la Presentaci\u00f3n de Chin\u00e1cota, ser\u00e1 reconocida en procesos de desarrollo human\u00edstico, acad\u00e9mico, investigativo y tecnol\u00f3gico, mediante la implementaci\u00f3n de pol\u00edticas de calidad dirigidas a la formaci\u00f3n y promoci\u00f3n del talento humano, que le permita avanzar en la construcci\u00f3n y realizaci\u00f3n de su proyecto de vida.[\/vc_column_text][\/vc_column][\/vc_row][vc_row][vc_column][vc_column_text]<\/p>\n<h3 class=\"thim-text-title\">Filosof\u00eda<\/h3>\n<p>&nbsp;<\/p>\n<p>La filosof\u00eda\u00a0\u00a0 de la \u201cInstituci\u00f3n Educativa T\u00e9cnica Nuestra Se\u00f1ora de la Presentaci\u00f3n\u201d de\u00a0 Chin\u00e1cota se apoya\u00a0 y fundamenta en un marco de doctrina que tiene como referentes:<\/p>\n<ul>\n<li>La Constituci\u00f3n Pol\u00edtica<\/li>\n<li>Los fines de la Educaci\u00f3n Colombiana<\/li>\n<li>La realidad de una sociedad postmoderna con sus retos y desaf\u00edos.<\/li>\n<li>El pensamiento pedag\u00f3gico de Marie Poussep\u00edn, Fundadora de la Comunidad de Hermanas Dominicas de la Presentaci\u00f3n y desde aqu\u00ed define su identidad, Misi\u00f3n, Visi\u00f3n, y Principios Orientadores.<\/li>\n<li>El proyecto Educativo Institucional.<\/li>\n<li>La Legislaci\u00f3n Educativa Vigente.<\/li>\n<\/ul>\n<p>Ofrece un proyecto educativo din\u00e1mico, construido con la participaci\u00f3n de todos los\u00a0\u00a0 estamentos:[\/vc_column_text][vc_tta_tabs section_title_tag=\u00bbh3&#8243; active_section=\u00bb1&#8243;][vc_tta_section i_icon_fontawesome=\u00bbfas fa-user-graduate\u00bb add_icon=\u00bbtrue\u00bb title=\u00bbDONDE EL ESTUDIANTE\u00bb tab_id=\u00bb1553201553661-4cb8a9a4-11b5&#8243;][vc_column_text]Es el centro y la raz\u00f3n de ser de\u00a0 nuestra acci\u00f3n educativa.<\/p>\n<p>De acuerdo con su proceso de desarrollo evolutivo, va tomando conciencia de ser el principal responsable de su crecimiento como persona, hijo(a) de familia y\u00a0como\u00a0ciudadano profesional, que se siente cada d\u00eda motivado\u00a0 y comprometido a avanzar\u00a0 en su formaci\u00f3n personal. Se prepara para enfrentar la vida e integrarse a una sociedad cambiante con madurez\u00a0 Humano- Cristiana\u00a0 y Competencia acad\u00e9mica, laboral acorde con la especialidad t\u00e9cnica ofrecida por esta Instituci\u00f3n.[\/vc_column_text][\/vc_tta_section][vc_tta_section i_icon_fontawesome=\u00bbfas fa-chalkboard-teacher\u00bb add_icon=\u00bbtrue\u00bb title=\u00bbDONDE EL MAESTRO\u00bb tab_id=\u00bb1553202116208-8d028f78-28a5&#8243;][vc_column_text]Es valorado, respetado en su dignidad y acogido por todos los miembros de la comunidad\u00a0 como garante de una educaci\u00f3n de calidad. Utiliza la pedagog\u00eda de MARIE POUSSEPIN: Sabe armonizar los \u201cSaberes\u201d y abre espacios hacia el di\u00e1logo con Dios. Explora la ciencia, la cultura y la tecnolog\u00eda para favorecer la construcci\u00f3n y reconstrucci\u00f3n de nuevos aprendizajes. Es mediador entre las producciones de la cultura universal y el mundo cultural de los estudiantes.[\/vc_column_text][\/vc_tta_section][vc_tta_section i_icon_fontawesome=\u00bbfas fa-female\u00bb add_icon=\u00bbtrue\u00bb title=\u00bbDONDE EL PADRE DE FAMILIA\u00bb tab_id=\u00bb1553203450656-a52e943b-1e54&#8243;][vc_column_text]Como primero y\u00a0principal actor\u00a0en la formaci\u00f3n de sus hijos, es persona imprescindible para garantizar el logro de los objetivos institucionales.<\/p>\n<p>Es responsabilidad del padre de familia apoyar, estimular y cooperar en el trabajo planeado por la instituci\u00f3n mediante la participaci\u00f3n y compromiso activo en los Procesos de formaci\u00f3n integral, Acad\u00e9mica, Disciplinaria y colaborar con los diferentes proyectos institucionales, vincul\u00e1ndose a las actividades que programa el Colegio. Cultivar en el hogar el amor a Dios y los valores fundamentales para poder vivir en una sociedad democr\u00e1tica participativa, competitiva, pluralista y cambiante.[\/vc_column_text][\/vc_tta_section][\/vc_tta_tabs][\/vc_column][\/vc_row][vc_row disable_element=\u00bbyes\u00bb css=\u00bb.vc_custom_1648759386428{background-color: #95c5f4 !important;}\u00bb][vc_column][vc_row_inner][vc_column_inner]<div class=\"thim-widget-heading template-base\"><div class=\"sc_heading  text-center\"><h3 class=\"title\"><strong>Himno<\/strong> Institucional<\/h3><span class=\"line\"><\/span><\/div><\/div>[\/vc_column_inner][\/vc_row_inner][vc_row_inner][vc_column_inner width=\u00bb1\/3&#8243;]<div class=\"thim-widget-heading template-base\"><div class=\"sc_heading  text-center\"><h3 class=\"title\">CORO<\/h3><span class=\"line\"><\/span><\/div><\/div>[vc_column_text]<\/p>\n<div style=\"text-align: center;\">coro coro coro<\/div>\n<div style=\"text-align: center;\">coro coro<\/div>\n<div style=\"text-align: center;\">coro coro coro<\/div>\n<div style=\"text-align: center;\"><\/div>\n<p>[\/vc_column_text]<div class=\"thim-widget-heading template-base\"><div class=\"sc_heading  text-center\"><h3 class=\"title\">III<\/h3><span class=\"line\"><\/span><\/div><\/div>[vc_column_text]<\/p>\n<div style=\"text-align: center;\">coro coro coro<\/div>\n<div style=\"text-align: center;\">coro coro<\/div>\n<div style=\"text-align: center;\">coro coro coro<\/div>\n<p>[\/vc_column_text][\/vc_column_inner][vc_column_inner width=\u00bb1\/3&#8243;]<div class=\"thim-widget-heading template-base\"><div class=\"sc_heading  text-center\"><h3 class=\"title\">I<\/h3><span class=\"line\"><\/span><\/div><\/div>[vc_column_text]<\/p>\n<div style=\"text-align: center;\">coro coro coro<\/div>\n<div style=\"text-align: center;\">coro coro<\/div>\n<div style=\"text-align: center;\">coro coro coro<\/div>\n<p>[\/vc_column_text]<div class=\"thim-widget-heading template-base\"><div class=\"sc_heading  text-center\"><h3 class=\"title\">IV<\/h3><span class=\"line\"><\/span><\/div><\/div>[vc_column_text]<\/p>\n<div style=\"text-align: center;\">coro coro coro<\/div>\n<div style=\"text-align: center;\">coro coro<\/div>\n<div style=\"text-align: center;\">coro coro coro<\/div>\n<p>[\/vc_column_text][\/vc_column_inner][vc_column_inner width=\u00bb1\/3&#8243;]<div class=\"thim-widget-heading template-base\"><div class=\"sc_heading  text-center\"><h3 class=\"title\">II<\/h3><span class=\"line\"><\/span><\/div><\/div>[vc_column_text]<\/p>\n<div style=\"text-align: center;\">coro coro coro<\/div>\n<div style=\"text-align: center;\">coro coro<\/div>\n<div style=\"text-align: center;\">coro coro coro<\/div>\n<p>[\/vc_column_text]<div class=\"thim-widget-heading template-base\"><div class=\"sc_heading  text-center\"><h3 class=\"title\">V<\/h3><span class=\"line\"><\/span><\/div><\/div>[vc_column_text]<\/p>\n<div style=\"text-align: center;\">coro coro coro<\/div>\n<div style=\"text-align: center;\">coro coro<\/div>\n<div style=\"text-align: center;\">coro coro coro<\/div>\n<p>[\/vc_column_text][\/vc_column_inner][\/vc_row_inner][\/vc_column][\/vc_row]<\/p>\n<\/div>","protected":false},"excerpt":{"rendered":"<p>[vc_row][vc_column][\/vc_column][\/vc_row][vc_row css=\u00bb.vc_custom_1559531433775{margin-bottom: 15px !important;}\u00bb][vc_column width=\u00bb1\/2&#8243; css=\u00bb.vc_custom_1553219212365{margin-bottom: 30px !important;}\u00bb][vc_column_text] Misi\u00f3n La Instituci\u00f3n Educativa T\u00e9cnica Nuestra Se\u00f1ora de La Presentaci\u00f3n de Chin\u00e1cota, es un establecimiento de car\u00e1cter oficial que ofrece los niveles de Preescolar, B\u00e1sica y Media T\u00e9cnica en Artes y Oficios, &hellip; <\/p>\n","protected":false},"author":1,"featured_media":0,"parent":0,"menu_order":0,"comment_status":"closed","ping_status":"closed","template":"","meta":{"footnotes":""},"class_list":["post-11502","page","type-page","status-publish","hentry"],"_links":{"self":[{"href":"https:\/\/colprechi.edu.co\/web\/wp-json\/wp\/v2\/pages\/11502","targetHints":{"allow":["GET"]}}],"collection":[{"href":"https:\/\/colprechi.edu.co\/web\/wp-json\/wp\/v2\/pages"}],"about":[{"href":"https:\/\/colprechi.edu.co\/web\/wp-json\/wp\/v2\/types\/page"}],"author":[{"embeddable":true,"href":"https:\/\/colprechi.edu.co\/web\/wp-json\/wp\/v2\/users\/1"}],"replies":[{"embeddable":true,"href":"https:\/\/colprechi.edu.co\/web\/wp-json\/wp\/v2\/comments?post=11502"}],"version-history":[{"count":11,"href":"https:\/\/colprechi.edu.co\/web\/wp-json\/wp\/v2\/pages\/11502\/revisions"}],"predecessor-version":[{"id":11954,"href":"https:\/\/colprechi.edu.co\/web\/wp-json\/wp\/v2\/pages\/11502\/revisions\/11954"}],"wp:attachment":[{"href":"https:\/\/colprechi.edu.co\/web\/wp-json\/wp\/v2\/media?parent=11502"}],"curies":[{"name":"wp","href":"https:\/\/api.w.org\/{rel}","templated":true}]}}